{"id":5861,"date":"2023-11-13T12:59:17","date_gmt":"2023-11-13T12:59:17","guid":{"rendered":"https:\/\/fermedemontsaintjean.be\/?page_id=5861"},"modified":"2023-11-16T12:47:25","modified_gmt":"2023-11-16T12:47:25","slug":"brunch-de-fin-dannee","status":"publish","type":"page","link":"https:\/\/fermedemontsaintjean.be\/nl\/brunch-de-fin-dannee\/","title":{"rendered":"Kerstbrunch + Menu Nieuwjaarsavond"},"content":{"rendered":"[vc_row][vc_column][mk_revslider id=&#8221;brunch&#8221;][\/vc_column][\/vc_row][vc_row css=&#8221;.vc_custom_1622630230375{padding-top: 80px !important;}&#8221;][vc_column][vc_column_text]\n<h1 class=\"section_title brasserie_history_title\">Brunch de fin d&#8217;ann\u00e9e<\/h1>\n[\/vc_column_text][\/vc_column][\/vc_row][vc_row][vc_column width=&#8221;1\/2&#8243;][vc_column_text]\n<h5 class=\"section_title brasserie_history_title\" style=\"font-size: 30px !important;\">Les brunchs de No\u00ebl 25\/12 &amp; 01\/01<\/h5>\n[\/vc_column_text][\/vc_column][vc_column width=&#8221;1\/2&#8243;][\/vc_column][\/vc_row][vc_row css=&#8221;.vc_custom_1622630538024{padding-bottom: 80px !important;}&#8221;][vc_column width=&#8221;1\/2&#8243;][vc_column_text]\n<p style=\"color: #d2332c; font-weight: bold;\">Le Brunch No\u00ebl \u00e0 la Brasserie de Waterloo<\/p>\n<p>Dimanche 25\/12 et lundi 01\/01 venez profiter d&#8217;un triple buffet \u00e0 volont\u00e9 \u00e0 la Brasserie de Waterloo.<\/p>\n<p>Pour le plaisir de vos papilles, nous vous proposons, d\u00e8s 11h30 et ce jusque 15h30 <strong>un buffet froid, un buffet chaud, un buffet dessert et 1\/2 homard\u00a0<\/strong><strong>pour le prix de 69\u20ac par adulte et 35\u20ac PP par enfant (une bi\u00e8re au fut, un soft ou eau inclus pour chaque personne).\u00a0<\/strong><\/p>\n<p>Profiter \u00e9galement jusqu&#8217;\u00e0 16h de nos tapas!<\/p>\n<p style=\"color: #d2332c; font-weight: bold;\">Pour toute information compl\u00e9mentaire : 02\/655.62.62 ou info@brasseriedewaterloo.be<\/p>\n[\/vc_column_text][vc_column_text]\n<p style=\"color: #d2332c; font-weight: bold;\">Horaire :<\/p>\n<p><strong>25\/12<\/strong> buffet 11:30 \u00e0 15:30 &#8211; tapas jusqu&#8217;\u00e0 16:00 &#8211; boissons jusqu&#8217;a 17:00<\/p>\n<p><strong>01\/01<\/strong> buffet 11:30 \u00e0 15:30 &#8211; tapas jusqu&#8217;\u00e0 16:00 &#8211; boissons jusqu&#8217;a 17:00[\/vc_column_text][\/vc_column][vc_column width=&#8221;1\/2&#8243;][vc_gallery interval=&#8221;3&#8243; images=&#8221;5586,5585,5591,5587,5588,5594,5595&#8243; img_size=&#8221;medium&#8221;][vc_column_text][\/vc_column_text][\/vc_column][\/vc_row][vc_row css=&#8221;.vc_custom_1622630538024{padding-bottom: 80px !important;}&#8221;][vc_column width=&#8221;1\/2&#8243;][vc_column_text]\n<h5 class=\"section_title brasserie_history_title\" style=\"font-size: 30px !important;\">R\u00e9servez votre table<\/h5>\n[\/vc_column_text][\/vc_column][vc_column width=&#8221;1\/2&#8243;][vc_raw_html]JTNDaWZyYW1lJTIwc3JjJTNEJTI3aHR0cHMlM0ElMkYlMkZib29raW5ncy56ZW5jaGVmLmNvbSUyRnJlc3VsdHMlM0ZyaWQlM0QzNTU3NzklMjZmdWxsc2NyZWVuJTNEMSUyNyUyMGZyYW1lYm9yZGVyJTNEJTI3MCUyNyUyMHNjcm9sbGluZyUzRCUyN3llcyUyNyUyMHdpZHRoJTNEJTI3MTAwJTI1JTI3JTIwaGVpZ2h0JTNEJTI3NjMwJTI3JTIwc3R5bGUlM0QlMjdkaXNwbGF5JTNBJTIwYmxvY2slM0IlMjBtYXJnaW4lM0ElMjAwJTIwMCUzQiUyMG1heC13aWR0aCUzQSUyMDYwMHB4JTNCJTIwaGVpZ2h0JTNBNjMwcHglM0IlMjclM0UlM0MlMkZpZnJhbWUlM0U=[\/vc_raw_html][\/vc_column][\/vc_row][vc_row][vc_column][vc_separator][vc_column_text]\n<h5 class=\"section_title brasserie_history_title\" style=\"font-size: 30px !important;\">Soir\u00e9e de Saint-Sylvestre 31\/12<\/h5>\n[\/vc_column_text][vc_column_text]\n<p style=\"color: #d2332c; font-weight: bold;\">Le Brunch de la soir\u00e9e de Saint-Sylvestre<\/p>\n<p>Amuse-bouches<\/p>\n<ul>\n<li>Bigorneaux \/ toast au saumon marin\u00e9 au Waterloo Oak Gin \/ hu\u00eetres gratin\u00e9es au sabayon \u00e0 la Waterloo Blanche<\/li>\n<li>Truffe de foie gras aux graines de pavot, gel\u00e9e \u00e0 la Waterloo Red Cherry, confiture d\u2019oignons \u00e0 l\u2019orange et piments d\u2019Espelette, brioche<\/li>\n<li>Noix de Saint-Jacques au beurre de caviar, palets de c\u00e9leri rave confit, crumble betterave chorizo<\/li>\n<li>Filet de biche, aum\u00f4ni\u00e8re de chou vert \u00e0 la duxelle de champignons sauvages, mousseline de butternut aux \u00e9clats de ch\u00e2taignes, jus \u00e0 la Gordon Xmas et airelles sauvages<\/li>\n<li>Filets de sole farcis aux champignons, poireaux confits, sauce vin blanc, coulis de betterave<\/li>\n<li>Dessert de circonstance by Laurent Dumont<\/li>\n<\/ul>\n<p><strong>95\u20ac \/personne hors boissons<\/strong><br \/>\n<strong>30\u20ac\/personne forfait boissons<\/strong>: Ap\u00e9ro : bi\u00e8re au f\u00fbt ou verre de bulles\/4 bi\u00e8res au f\u00fbt ou \u00bd bouteille de vin\/ 0,5 L d\u2019eaux\/caf\u00e9 ou th\u00e9\/coupe Champagne de minuit<\/p>\n<p>&nbsp;<\/p>\n<p><strong>Menu enfants &lt;14 ans<\/strong><\/p>\n<ul>\n<li>Tomate mozzarella &amp; jambon cuit \u00e0 l\u2019os<\/li>\n<li>Scampis \u00e0 l\u2019indienne (non piquant)<\/li>\n<li>Supr\u00eame de Coucou de Malines, compote de pommes et abricots, croquettes de pommes de terre<\/li>\n<li>Dessert de circonstance<\/li>\n<\/ul>\n<p><strong>45\u20ac\/personne hors boisson\u00a0<\/strong><\/p>\n<p><u>Infos pratiques : <\/u><\/p>\n<ul>\n<li>Parking ais\u00e9e<\/li>\n<li>Pour profiter pleinement de votre menu nous vous sugg\u00e9rons d\u2019arriv\u00e9e entre 19\u00a0:00 &amp; 20.30<\/li>\n<li>Animation musicale &amp; soir\u00e9e apr\u00e8s repas jusque 3:00<\/li>\n<\/ul>\n<p>&nbsp;<\/p>\n<p style=\"color: #d2332c; font-weight: bold;\"><span style=\"color: #ff0000;\">Pour toute information compl\u00e9mentaire : 02\/655.62.62 ou info@brasseriedewaterloo.be<\/span><\/p>\n<p><span style=\"color: #ff0000;\"><strong>La r\u00e9servation ne sera d\u00e9finitive que lorsqu\u2019un acompte \u00e0 la valeur du menu hors boissons, 95\u20ac par adulte &amp; 45\u20ac par enfant sera per\u00e7u \u00e0 verser sur le compte nr BE 52 7320 6855 5409, l\u2019acompte nous dois parvenir au plus tard le 18 d\u00e9cembre. En cas d\u2019annulation avant le 22 d\u00e9cembre votre acompte vous sera rembours\u00e9.<\/strong><\/span>[\/vc_column_text][vc_column_text]\n<p style=\"color: #d2332c; font-weight: bold;\">Horaire :<\/p>\n<p><strong>25\/12<\/strong> buffet 11:30 \u00e0 15:30 &#8211; tapas jusqu&#8217;\u00e0 16:00 &#8211; boissons jusqu&#8217;a 17:00<\/p>\n<p><strong>01\/01<\/strong> buffet 11:30 \u00e0 15:30 &#8211; tapas jusqu&#8217;\u00e0 16:00 &#8211; boissons jusqu&#8217;a 17:00[\/vc_column_text][vc_column_text]\n<h5 class=\"section_title brasserie_history_title\" style=\"font-size: 30px !important;\">R\u00e9servez votre table<\/h5>\n[\/vc_column_text][vc_raw_html]JTNDaWZyYW1lJTIwc3JjJTNEJTI3aHR0cHMlM0ElMkYlMkZib29raW5ncy56ZW5jaGVmLmNvbSUyRnJlc3VsdHMlM0ZyaWQlM0QzNTU3NzklMjZmdWxsc2NyZWVuJTNEMSUyNyUyMGZyYW1lYm9yZGVyJTNEJTI3MCUyNyUyMHNjcm9sbGluZyUzRCUyN3llcyUyNyUyMHdpZHRoJTNEJTI3MTAwJTI1JTI3JTIwaGVpZ2h0JTNEJTI3NjMwJTI3JTIwc3R5bGUlM0QlMjdkaXNwbGF5JTNBJTIwYmxvY2slM0IlMjBtYXJnaW4lM0ElMjAwJTIwMCUzQiUyMG1heC13aWR0aCUzQSUyMDYwMHB4JTNCJTIwaGVpZ2h0JTNBNjMwcHglM0IlMjclM0UlM0MlMkZpZnJhbWUlM0U=[\/vc_raw_html][\/vc_column][\/vc_row]\n","protected":false},"excerpt":{"rendered":"<p>[vc_row][vc_column][mk_revslider id=&#8221;brunch&#8221;][\/vc_column][\/vc_row][vc_row css=&#8221;.vc_custom_1622630230375{padding-top: 80px !important;}&#8221;][vc_column][vc_column_text] Brunch de fin d&#8217;ann\u00e9e [\/vc_column_text][\/vc_column][\/vc_row][vc_row][vc_column width=&#8221;1\/2&#8243;][vc_column_text] Les brunchs de No\u00ebl 25\/12 &amp; 01\/01 [\/vc_column_text][\/vc_column][vc_column width=&#8221;1\/2&#8243;][\/vc_column][\/vc_row][vc_row css=&#8221;.vc_custom_1622630538024{padding-bottom: 80px !important;}&#8221;][vc_column width=&#8221;1\/2&#8243;][vc_column_text] Le Brunch No\u00ebl \u00e0 la Brasserie de Waterloo Dimanche 25\/12 et lundi 01\/01 venez profiter d&#8217;un triple buffet \u00e0 volont\u00e9 \u00e0 la Brasserie de Waterloo. Pour le plaisir de vos papilles, [&hellip;]<\/p>\n","protected":false},"author":4,"featured_media":4576,"parent":0,"menu_order":0,"comment_status":"closed","ping_status":"closed","template":"","meta":[],"_links":{"self":[{"href":"https:\/\/fermedemontsaintjean.be\/nl\/wp-json\/wp\/v2\/pages\/5861"}],"collection":[{"href":"https:\/\/fermedemontsaintjean.be\/nl\/wp-json\/wp\/v2\/pages"}],"about":[{"href":"https:\/\/fermedemontsaintjean.be\/nl\/wp-json\/wp\/v2\/types\/page"}],"author":[{"embeddable":true,"href":"https:\/\/fermedemontsaintjean.be\/nl\/wp-json\/wp\/v2\/users\/4"}],"replies":[{"embeddable":true,"href":"https:\/\/fermedemontsaintjean.be\/nl\/wp-json\/wp\/v2\/comments?post=5861"}],"version-history":[{"count":8,"href":"https:\/\/fermedemontsaintjean.be\/nl\/wp-json\/wp\/v2\/pages\/5861\/revisions"}],"predecessor-version":[{"id":5887,"href":"https:\/\/fermedemontsaintjean.be\/nl\/wp-json\/wp\/v2\/pages\/5861\/revisions\/5887"}],"wp:featuredmedia":[{"embeddable":true,"href":"https:\/\/fermedemontsaintjean.be\/nl\/wp-json\/wp\/v2\/media\/4576"}],"wp:attachment":[{"href":"https:\/\/fermedemontsaintjean.be\/nl\/wp-json\/wp\/v2\/media?parent=5861"}],"curies":[{"name":"wp","href":"https:\/\/api.w.org\/{rel}","templated":true}]}}